{"id":963,"date":"2020-02-09T14:50:31","date_gmt":"2020-02-09T17:50:31","guid":{"rendered":"https:\/\/equiposfauna.com.br\/?post_type=product&#038;p=963"},"modified":"2025-09-17T12:05:38","modified_gmt":"2025-09-17T15:05:38","slug":"laco-cambao-lcb250","status":"publish","type":"product","link":"https:\/\/equiposfauna.com.br\/wp\/produto\/laco-cambao-lcb250\/","title":{"rendered":"LA\u00c7O CAMB\u00c3O LCB250"},"content":{"rendered":"","protected":false},"excerpt":{"rendered":"<p>LA\u00c7O CAMB\u00c3O PARA CAPTURA DE ANIMAIS, FABRICADO EM ALUM\u00cdNIO.<\/p>\n","protected":false},"featured_media":964,"comment_status":"open","ping_status":"closed","template":"","meta":[],"_links":{"self":[{"href":"https:\/\/equiposfauna.com.br\/wp\/wp-json\/wp\/v2\/product\/963"}],"collection":[{"href":"https:\/\/equiposfauna.com.br\/wp\/wp-json\/wp\/v2\/product"}],"about":[{"href":"https:\/\/equiposfauna.com.br\/wp\/wp-json\/wp\/v2\/types\/product"}],"replies":[{"embeddable":true,"href":"https:\/\/equiposfauna.com.br\/wp\/wp-json\/wp\/v2\/comments?post=963"}],"wp:featuredmedia":[{"embeddable":true,"href":"https:\/\/equiposfauna.com.br\/wp\/wp-json\/wp\/v2\/media\/964"}],"wp:attachment":[{"href":"https:\/\/equiposfauna.com.br\/wp\/wp-json\/wp\/v2\/media?parent=963"}],"curies":[{"name":"wp","href":"https:\/\/api.w.org\/{rel}","templated":true}]}}